{"id":138,"date":"2020-09-10T10:42:16","date_gmt":"2020-09-10T10:42:16","guid":{"rendered":"https:\/\/espurnateatre.com\/?page_id=138"},"modified":"2024-10-29T12:11:05","modified_gmt":"2024-10-29T12:11:05","slug":"nosotros","status":"publish","type":"page","link":"https:\/\/espurnateatre.com\/es\/nosotros\/","title":{"rendered":"Nosotros"},"content":{"rendered":"<div data-elementor-type=\"wp-page\" data-elementor-id=\"138\" class=\"elementor elementor-138\">\n\t\t\t\t\t\t\t\t\t<section class=\"elementor-section elementor-top-section elementor-element elementor-element-6dd3662 elementor-section-height-min-height elementor-section-boxed elementor-section-height-default elementor-section-items-middle\" data-id=\"6dd3662\" data-element_type=\"section\" data-settings=\"{&quot;background_background&quot;:&quot;classic&quot;}\">\n\t\t\t\t\t\t\t<div class=\"elementor-background-overlay\"><\/div>\n\t\t\t\t\t\t\t<div class=\"elementor-container elementor-column-gap-default\">\n\t\t\t\t\t<div class=\"elementor-column elementor-col-100 elementor-top-column elementor-element elementor-element-ce988d9\" data-id=\"ce988d9\" data-element_type=\"column\">\n\t\t\t<div class=\"elementor-widget-wrap elementor-element-populated\">\n\t\t\t\t\t\t\t\t<div class=\"elementor-element elementor-element-4cf163d elementor-widget elementor-widget-heading\" data-id=\"4cf163d\" data-element_type=\"widget\" data-widget_type=\"heading.default\">\n\t\t\t\t<div class=\"elementor-widget-container\">\n\t\t\t<h2 class=\"elementor-heading-title elementor-size-default\">Nosotros<\/h2>\t\t<\/div>\n\t\t\t\t<\/div>\n\t\t\t\t\t<\/div>\n\t\t<\/div>\n\t\t\t\t\t\t\t<\/div>\n\t\t<\/section>\n\t\t\t\t<section class=\"elementor-section elementor-top-section elementor-element elementor-element-ee8f598 elementor-section-boxed elementor-section-height-default elementor-section-height-default\" data-id=\"ee8f598\" data-element_type=\"section\" data-settings=\"{&quot;shape_divider_top&quot;:&quot;wave-brush&quot;,&quot;background_background&quot;:&quot;classic&quot;}\">\n\t\t\t\t\t<div class=\"elementor-shape elementor-shape-top\" data-negative=\"false\">\n\t\t\t<svg xmlns=\"http:\/\/www.w3.org\/2000\/svg\" viewbox=\"0 0 283.5 27.8\" preserveaspectratio=\"none\">\n\t<path class=\"elementor-shape-fill\" d=\"M283.5,9.7c0,0-7.3,4.3-14,4.6c-6.8,0.3-12.6,0-20.9-1.5c-11.3-2-33.1-10.1-44.7-5.7\ts-12.1,4.6-18,7.4c-6.6,3.2-20,9.6-36.6,9.3C131.6,23.5,99.5,7.2,86.3,8c-1.4,0.1-6.6,0.8-10.5,2c-3.8,1.2-9.4,3.8-17,4.7\tc-3.2,0.4-8.3,1.1-14.2,0.9c-1.5-0.1-6.3-0.4-12-1.6c-5.7-1.2-11-3.1-15.8-3.7C6.5,9.2,0,10.8,0,10.8V0h283.5V9.7z M260.8,11.3\tc-0.7-1-2-0.4-4.3-0.4c-2.3,0-6.1-1.2-5.8-1.1c0.3,0.1,3.1,1.5,6,1.9C259.7,12.2,261.4,12.3,260.8,11.3z M242.4,8.6\tc0,0-2.4-0.2-5.6-0.9c-3.2-0.8-10.3-2.8-15.1-3.5c-8.2-1.1-15.8,0-15.1,0.1c0.8,0.1,9.6-0.6,17.6,1.1c3.3,0.7,9.3,2.2,12.4,2.7\tC239.9,8.7,242.4,8.6,242.4,8.6z M185.2,8.5c1.7-0.7-13.3,4.7-18.5,6.1c-2.1,0.6-6.2,1.6-10,2c-3.9,0.4-8.9,0.4-8.8,0.5\tc0,0.2,5.8,0.8,11.2,0c5.4-0.8,5.2-1.1,7.6-1.6C170.5,14.7,183.5,9.2,185.2,8.5z M199.1,6.9c0.2,0-0.8-0.4-4.8,1.1\tc-4,1.5-6.7,3.5-6.9,3.7c-0.2,0.1,3.5-1.8,6.6-3C197,7.5,199,6.9,199.1,6.9z M283,6c-0.1,0.1-1.9,1.1-4.8,2.5s-6.9,2.8-6.7,2.7\tc0.2,0,3.5-0.6,7.4-2.5C282.8,6.8,283.1,5.9,283,6z M31.3,11.6c0.1-0.2-1.9-0.2-4.5-1.2s-5.4-1.6-7.8-2C15,7.6,7.3,8.5,7.7,8.6\tC8,8.7,15.9,8.3,20.2,9.3c2.2,0.5,2.4,0.5,5.7,1.6S31.2,11.9,31.3,11.6z M73,9.2c0.4-0.1,3.5-1.6,8.4-2.6c4.9-1.1,8.9-0.5,8.9-0.8\tc0-0.3-1-0.9-6.2-0.3S72.6,9.3,73,9.2z M71.6,6.7C71.8,6.8,75,5.4,77.3,5c2.3-0.3,1.9-0.5,1.9-0.6c0-0.1-1.1-0.2-2.7,0.2\tC74.8,5.1,71.4,6.6,71.6,6.7z M93.6,4.4c0.1,0.2,3.5,0.8,5.6,1.8c2.1,1,1.8,0.6,1.9,0.5c0.1-0.1-0.8-0.8-2.4-1.3\tC97.1,4.8,93.5,4.2,93.6,4.4z M65.4,11.1c-0.1,0.3,0.3,0.5,1.9-0.2s2.6-1.3,2.2-1.2s-0.9,0.4-2.5,0.8C65.3,10.9,65.5,10.8,65.4,11.1\tz M34.5,12.4c-0.2,0,2.1,0.8,3.3,0.9c1.2,0.1,2,0.1,2-0.2c0-0.3-0.1-0.5-1.6-0.4C36.6,12.8,34.7,12.4,34.5,12.4z M152.2,21.1\tc-0.1,0.1-2.4-0.3-7.5-0.3c-5,0-13.6-2.4-17.2-3.5c-3.6-1.1,10,3.9,16.5,4.1C150.5,21.6,152.3,21,152.2,21.1z\"\/>\n\t<path class=\"elementor-shape-fill\" d=\"M269.6,18c-0.1-0.1-4.6,0.3-7.2,0c-7.3-0.7-17-3.2-16.6-2.9c0.4,0.3,13.7,3.1,17,3.3\tC267.7,18.8,269.7,18,269.6,18z\"\/>\n\t<path class=\"elementor-shape-fill\" d=\"M227.4,9.8c-0.2-0.1-4.5-1-9.5-1.2c-5-0.2-12.7,0.6-12.3,0.5c0.3-0.1,5.9-1.8,13.3-1.2\tS227.6,9.9,227.4,9.8z\"\/>\n\t<path class=\"elementor-shape-fill\" d=\"M204.5,13.4c-0.1-0.1,2-1,3.2-1.1c1.2-0.1,2,0,2,0.3c0,0.3-0.1,0.5-1.6,0.4\tC206.4,12.9,204.6,13.5,204.5,13.4z\"\/>\n\t<path class=\"elementor-shape-fill\" d=\"M201,10.6c0-0.1-4.4,1.2-6.3,2.2c-1.9,0.9-6.2,3.1-6.1,3.1c0.1,0.1,4.2-1.6,6.3-2.6\tS201,10.7,201,10.6z\"\/>\n\t<path class=\"elementor-shape-fill\" d=\"M154.5,26.7c-0.1-0.1-4.6,0.3-7.2,0c-7.3-0.7-17-3.2-16.6-2.9c0.4,0.3,13.7,3.1,17,3.3\tC152.6,27.5,154.6,26.8,154.5,26.7z\"\/>\n\t<path class=\"elementor-shape-fill\" d=\"M41.9,19.3c0,0,1.2-0.3,2.9-0.1c1.7,0.2,5.8,0.9,8.2,0.7c4.2-0.4,7.4-2.7,7-2.6\tc-0.4,0-4.3,2.2-8.6,1.9c-1.8-0.1-5.1-0.5-6.7-0.4S41.9,19.3,41.9,19.3z\"\/>\n\t<path class=\"elementor-shape-fill\" d=\"M75.5,12.6c0.2,0.1,2-0.8,4.3-1.1c2.3-0.2,2.1-0.3,2.1-0.5c0-0.1-1.8-0.4-3.4,0\tC76.9,11.5,75.3,12.5,75.5,12.6z\"\/>\n\t<path class=\"elementor-shape-fill\" d=\"M15.6,13.2c0-0.1,4.3,0,6.7,0.5c2.4,0.5,5,1.9,5,2c0,0.1-2.7-0.8-5.1-1.4\tC19.9,13.7,15.7,13.3,15.6,13.2z\"\/>\n<\/svg>\t\t<\/div>\n\t\t\t\t\t<div class=\"elementor-container elementor-column-gap-default\">\n\t\t\t\t\t<div class=\"elementor-column elementor-col-100 elementor-top-column elementor-element elementor-element-074a194\" data-id=\"074a194\" data-element_type=\"column\">\n\t\t\t<div class=\"elementor-widget-wrap elementor-element-populated\">\n\t\t\t\t\t\t\t\t<section class=\"elementor-section elementor-inner-section elementor-element elementor-element-e566b01 elementor-section-boxed elementor-section-height-default elementor-section-height-default\" data-id=\"e566b01\" data-element_type=\"section\">\n\t\t\t\t\t\t<div class=\"elementor-container elementor-column-gap-default\">\n\t\t\t\t\t<div class=\"elementor-column elementor-col-100 elementor-inner-column elementor-element elementor-element-b4424e8\" data-id=\"b4424e8\" data-element_type=\"column\">\n\t\t\t<div class=\"elementor-widget-wrap elementor-element-populated\">\n\t\t\t\t\t\t\t\t<div class=\"elementor-element elementor-element-965fb22 elementor-widget__width-auto animated-fast elementor-invisible elementor-widget elementor-widget-heading\" data-id=\"965fb22\" data-element_type=\"widget\" data-settings=\"{&quot;_animation&quot;:&quot;zoomIn&quot;}\" data-widget_type=\"heading.default\">\n\t\t\t\t<div class=\"elementor-widget-container\">\n\t\t\t<h1 class=\"elementor-heading-title elementor-size-default\">nosotros<\/h1>\t\t<\/div>\n\t\t\t\t<\/div>\n\t\t\t\t<div class=\"elementor-element elementor-element-111de46 elementor-invisible elementor-widget elementor-widget-heading\" data-id=\"111de46\" data-element_type=\"widget\" data-settings=\"{&quot;_animation&quot;:&quot;fadeInUp&quot;}\" data-widget_type=\"heading.default\">\n\t\t\t\t<div class=\"elementor-widget-container\">\n\t\t\t<h1 class=\"elementor-heading-title elementor-size-default\">Equipo<\/h1>\t\t<\/div>\n\t\t\t\t<\/div>\n\t\t\t\t\t<\/div>\n\t\t<\/div>\n\t\t\t\t\t\t\t<\/div>\n\t\t<\/section>\n\t\t\t\t\t<\/div>\n\t\t<\/div>\n\t\t\t\t\t\t\t<\/div>\n\t\t<\/section>\n\t\t\t\t<section class=\"elementor-section elementor-top-section elementor-element elementor-element-3be7d3cc elementor-section-boxed elementor-section-height-default elementor-section-height-default\" data-id=\"3be7d3cc\" data-element_type=\"section\" data-settings=\"{&quot;background_background&quot;:&quot;classic&quot;}\">\n\t\t\t\t\t\t<div class=\"elementor-container elementor-column-gap-extended\">\n\t\t\t\t\t<div class=\"elementor-column elementor-col-50 elementor-top-column elementor-element elementor-element-503f65fa\" data-id=\"503f65fa\" data-element_type=\"column\">\n\t\t\t<div class=\"elementor-widget-wrap elementor-element-populated\">\n\t\t\t\t\t\t\t\t<div class=\"elementor-element elementor-element-36f7f516 elementor-widget elementor-widget-image\" data-id=\"36f7f516\" data-element_type=\"widget\" data-widget_type=\"image.default\">\n\t\t\t\t<div class=\"elementor-widget-container\">\n\t\t\t\t\t\t\t\t\t\t\t\t\t\t\t\t<a href=\"https:\/\/espurnateatre.com\/wp-content\/uploads\/2024\/10\/DSCF9644.jpg\" data-elementor-open-lightbox=\"yes\" data-elementor-lightbox-title=\"DSCF9644\" data-e-action-hash=\"#elementor-action%3Aaction%3Dlightbox%26settings%3DeyJpZCI6MTg3MCwidXJsIjoiaHR0cHM6XC9cL2VzcHVybmF0ZWF0cmUuY29tXC93cC1jb250ZW50XC91cGxvYWRzXC8yMDI0XC8xMFwvRFNDRjk2NDQuanBnIn0%3D\">\n\t\t\t\t\t\t\t<img decoding=\"async\" src=\"https:\/\/espurnateatre.com\/wp-content\/uploads\/2024\/10\/DSCF9644.jpg\" title=\"DSCF9644\" alt=\"DSCF9644\" loading=\"lazy\" \/>\t\t\t\t\t\t\t\t<\/a>\n\t\t\t\t\t\t\t\t\t\t\t\t\t\t\t<\/div>\n\t\t\t\t<\/div>\n\t\t\t\t<div class=\"elementor-element elementor-element-1e894cda elementor-widget elementor-widget-heading\" data-id=\"1e894cda\" data-element_type=\"widget\" data-widget_type=\"heading.default\">\n\t\t\t\t<div class=\"elementor-widget-container\">\n\t\t\t<h6 class=\"elementor-heading-title elementor-size-default\">MARINA TOM\u00c1S AMADO<\/h6>\t\t<\/div>\n\t\t\t\t<\/div>\n\t\t\t\t<div class=\"elementor-element elementor-element-1324d989 elementor-widget elementor-widget-text-editor\" data-id=\"1324d989\" data-element_type=\"widget\" data-widget_type=\"text-editor.default\">\n\t\t\t\t<div class=\"elementor-widget-container\">\n\t\t\t\t\t\t\t<p>Es creadora musical para espect\u00e1culos de danza: Kiri Island de C\u00eda. Labuena, 2021 y Morpheus and the seven senos danza Butoh de Orland Verd\u00fa, 2019; teatro: Ojo de LABDRAM, 2019 y Like si lloras \u2013 Colectivo VVAA, 2016; circo: Des(a)nudarse de C\u00eda. Acroshibari, 2018; y para poes\u00eda de acci\u00f3n es\u00e9nica: \u00bfQu\u00e9 comer\u00e1n las tortugas? con Jaume Mu\u00f1oz, 2028 y Cuento de un hombre que huye de C\u00eda. Vivir del bolo, 2016.\u00a0<\/p><p>Tambi\u00e9n ha participado como int\u00e9rprete musical (guitarra y voz) con la gira del \u00e1lbum Companyes (2018-2019) con Joina y en la \u00faltima temporada de la obra de teatro Canto yo y la monta\u00f1a baila en 2022. Actualmente est\u00e1 girando como guitarrista con Maria Rod\u00e9s y ha iniciado su proyecto musical junto con la saxofonista Maria Cruz con la que ha sacado su primer \u00e1lbum num Arar. Se encuentra tambi\u00e9n haciendo la m\u00fasica en vivo del espect\u00e1culo I&#039;m not an influencer y TRA\u00c7-Espai habitable en construcci\u00f3n. \u00daltima incorporaci\u00f3n al equipo, en TRAMAPNTOJO la Marina pone todo su talento en la guitarra y explorar\u00e1 la creaci\u00f3n de su futuro espacio sonoro.<\/p>\t\t\t\t\t\t<\/div>\n\t\t\t\t<\/div>\n\t\t\t\t\t<\/div>\n\t\t<\/div>\n\t\t\t\t<div class=\"elementor-column elementor-col-50 elementor-top-column elementor-element elementor-element-293ccc80\" data-id=\"293ccc80\" data-element_type=\"column\">\n\t\t\t<div class=\"elementor-widget-wrap elementor-element-populated\">\n\t\t\t\t\t\t\t\t<div class=\"elementor-element elementor-element-1ac1e4b4 elementor-widget elementor-widget-image\" data-id=\"1ac1e4b4\" data-element_type=\"widget\" data-widget_type=\"image.default\">\n\t\t\t\t<div class=\"elementor-widget-container\">\n\t\t\t\t\t\t\t\t\t\t\t\t\t\t\t\t<a href=\"https:\/\/espurnateatre.com\/wp-content\/uploads\/2024\/10\/DSCF9659.jpg\" data-elementor-open-lightbox=\"yes\" data-elementor-lightbox-title=\"DSCF9659\" data-e-action-hash=\"#elementor-action%3Aaction%3Dlightbox%26settings%3DeyJpZCI6MTg3MSwidXJsIjoiaHR0cHM6XC9cL2VzcHVybmF0ZWF0cmUuY29tXC93cC1jb250ZW50XC91cGxvYWRzXC8yMDI0XC8xMFwvRFNDRjk2NTkuanBnIn0%3D\">\n\t\t\t\t\t\t\t<img decoding=\"async\" src=\"https:\/\/espurnateatre.com\/wp-content\/uploads\/2024\/10\/DSCF9659.jpg\" title=\"DSCF9659\" alt=\"DSCF9659\" loading=\"lazy\" \/>\t\t\t\t\t\t\t\t<\/a>\n\t\t\t\t\t\t\t\t\t\t\t\t\t\t\t<\/div>\n\t\t\t\t<\/div>\n\t\t\t\t<div class=\"elementor-element elementor-element-298ddd0c elementor-widget elementor-widget-heading\" data-id=\"298ddd0c\" data-element_type=\"widget\" data-widget_type=\"heading.default\">\n\t\t\t\t<div class=\"elementor-widget-container\">\n\t\t\t<h6 class=\"elementor-heading-title elementor-size-default\">CRISTINA SALAS<\/h6>\t\t<\/div>\n\t\t\t\t<\/div>\n\t\t\t\t<div class=\"elementor-element elementor-element-c4b442f elementor-widget elementor-widget-text-editor\" data-id=\"c4b442f\" data-element_type=\"widget\" data-widget_type=\"text-editor.default\">\n\t\t\t\t<div class=\"elementor-widget-container\">\n\t\t\t\t\t\t\t<p>De Barcelona, nacida en Puerto Rico, Cristina es graduada en Filolog\u00eda Hisp\u00e1nica en la UAB (2014) y en Arte Dram\u00e1tico en el Institut del Teatre con especialidad musical (2020). Como cantante trabaja como solista desde 2015 en varios grupos como Chocolate Sexy o One Hit Wonders, y como corista ha participado en diversas grabaciones de estudio por artistas como The Golden Grahams o Caz Mera. Act\u00faa en varias piezas teatrales entre las que destacan Almisda\u00e9 (Cia. La Coquera, 2019), que recorre escenarios desde la Sala Melmac de Barcelona hasta el Teatro Principal de Ourense, o All\u00ed bajo las ra\u00edces (Cia. Maldita Eva, 2020), que se estrena en el Festival Mutis de Barcelona (2021) y se representa entre otros en el Teatro Duque de Rivas de C\u00f3rdoba (2022). Dentro del proyecto TRAMPANTOJO da vida a m\u00faltiples personajes, y ve a las canciones.<\/p>\t\t\t\t\t\t<\/div>\n\t\t\t\t<\/div>\n\t\t\t\t\t<\/div>\n\t\t<\/div>\n\t\t\t\t\t\t\t<\/div>\n\t\t<\/section>\n\t\t\t\t<section class=\"elementor-section elementor-top-section elementor-element elementor-element-fa2b3da elementor-section-boxed elementor-section-height-default elementor-section-height-default\" data-id=\"fa2b3da\" data-element_type=\"section\" data-settings=\"{&quot;background_background&quot;:&quot;classic&quot;}\">\n\t\t\t\t\t\t<div class=\"elementor-container elementor-column-gap-extended\">\n\t\t\t\t\t<div class=\"elementor-column elementor-col-50 elementor-top-column elementor-element elementor-element-bf21fa7\" data-id=\"bf21fa7\" data-element_type=\"column\">\n\t\t\t<div class=\"elementor-widget-wrap elementor-element-populated\">\n\t\t\t\t\t\t\t\t<div class=\"elementor-element elementor-element-e5d4214 elementor-widget elementor-widget-image\" data-id=\"e5d4214\" data-element_type=\"widget\" data-widget_type=\"image.default\">\n\t\t\t\t<div class=\"elementor-widget-container\">\n\t\t\t\t\t\t\t\t\t\t\t\t\t\t\t\t<a href=\"https:\/\/espurnateatre.com\/wp-content\/uploads\/2024\/10\/DSCF9719.jpg\" data-elementor-open-lightbox=\"yes\" data-elementor-lightbox-title=\"DSCF9719\" data-e-action-hash=\"#elementor-action%3Aaction%3Dlightbox%26settings%3DeyJpZCI6MTg3MiwidXJsIjoiaHR0cHM6XC9cL2VzcHVybmF0ZWF0cmUuY29tXC93cC1jb250ZW50XC91cGxvYWRzXC8yMDI0XC8xMFwvRFNDRjk3MTkuanBnIn0%3D\">\n\t\t\t\t\t\t\t<img decoding=\"async\" src=\"https:\/\/espurnateatre.com\/wp-content\/uploads\/2024\/10\/DSCF9719.jpg\" title=\"DSCF9719\" alt=\"DSCF9719\" loading=\"lazy\" \/>\t\t\t\t\t\t\t\t<\/a>\n\t\t\t\t\t\t\t\t\t\t\t\t\t\t\t<\/div>\n\t\t\t\t<\/div>\n\t\t\t\t<div class=\"elementor-element elementor-element-feabc14 elementor-widget elementor-widget-heading\" data-id=\"feabc14\" data-element_type=\"widget\" data-widget_type=\"heading.default\">\n\t\t\t\t<div class=\"elementor-widget-container\">\n\t\t\t<h6 class=\"elementor-heading-title elementor-size-default\">MARIA VILLAREJO<\/h6>\t\t<\/div>\n\t\t\t\t<\/div>\n\t\t\t\t<div class=\"elementor-element elementor-element-63ecc4f elementor-widget elementor-widget-text-editor\" data-id=\"63ecc4f\" data-element_type=\"widget\" data-widget_type=\"text-editor.default\">\n\t\t\t\t<div class=\"elementor-widget-container\">\n\t\t\t\t\t\t\t<p>De Cornell\u00e0 de Llobregat, es graduada en Psicolog\u00eda por la UB y en Arte Dram\u00e1tico por el Institut del Teatre de Barcelona. Tambi\u00e9n tiene formaci\u00f3n en las disciplinas de canto, danza y circo -telas a\u00e9reas-. En el audiovisual, ha trabajado en la serie de Movistar + Matar al Padre (2017) y en las cuatro temporadas de la serie Oh my goig! de BTV (2016-2020). En el teatro destaca a su interpretaci\u00f3n en La casa de Bernarda Alba (Sala Ars, 2022-2023), Almisda\u00e9 (Cia. La Coquera, 2021) y La Rebeld\u00eda Posible (Sala Muntaner, 2017). Anteriormente form\u00f3 parte durante tres a\u00f1os de la compa\u00f1\u00eda Almac\u00e9n de Ars, actuando en varias obras infantiles y juveniles.<\/p><p>\u00a0Recientemente ha actuado con la c\u00eda. La Melanc\u00f3mica en su producci\u00f3n Ellas, cosas de chicas. Con TRAMPANTOJO, o el relato de la historia de Espa\u00f1a -proyecto con el que se grad\u00faa en interpretaci\u00f3n- se estrena como directora y dramaturga de una pieza de creaci\u00f3n propia multidisciplinar, donde act\u00faa, canta, baila y realiza un n\u00famero de telas a\u00e9reas.<\/p>\t\t\t\t\t\t<\/div>\n\t\t\t\t<\/div>\n\t\t\t\t\t<\/div>\n\t\t<\/div>\n\t\t\t\t<div class=\"elementor-column elementor-col-50 elementor-top-column elementor-element elementor-element-6be6de4\" data-id=\"6be6de4\" data-element_type=\"column\">\n\t\t\t<div class=\"elementor-widget-wrap elementor-element-populated\">\n\t\t\t\t\t\t\t\t<div class=\"elementor-element elementor-element-1ec2d0b elementor-widget elementor-widget-image\" data-id=\"1ec2d0b\" data-element_type=\"widget\" data-widget_type=\"image.default\">\n\t\t\t\t<div class=\"elementor-widget-container\">\n\t\t\t\t\t\t\t\t\t\t\t\t\t\t\t\t<a href=\"https:\/\/espurnateatre.com\/wp-content\/uploads\/2024\/10\/DSCF9752.jpg\" data-elementor-open-lightbox=\"yes\" data-elementor-lightbox-title=\"DSCF9752\" data-e-action-hash=\"#elementor-action%3Aaction%3Dlightbox%26settings%3DeyJpZCI6MTg3MywidXJsIjoiaHR0cHM6XC9cL2VzcHVybmF0ZWF0cmUuY29tXC93cC1jb250ZW50XC91cGxvYWRzXC8yMDI0XC8xMFwvRFNDRjk3NTIuanBnIn0%3D\">\n\t\t\t\t\t\t\t<img decoding=\"async\" src=\"https:\/\/espurnateatre.com\/wp-content\/uploads\/2024\/10\/DSCF9752.jpg\" title=\"DSCF9752\" alt=\"DSCF9752\" loading=\"lazy\" \/>\t\t\t\t\t\t\t\t<\/a>\n\t\t\t\t\t\t\t\t\t\t\t\t\t\t\t<\/div>\n\t\t\t\t<\/div>\n\t\t\t\t<div class=\"elementor-element elementor-element-9d0a25d elementor-widget elementor-widget-heading\" data-id=\"9d0a25d\" data-element_type=\"widget\" data-widget_type=\"heading.default\">\n\t\t\t\t<div class=\"elementor-widget-container\">\n\t\t\t<h6 class=\"elementor-heading-title elementor-size-default\">ANA NICOLAS<\/h6>\t\t<\/div>\n\t\t\t\t<\/div>\n\t\t\t\t<div class=\"elementor-element elementor-element-48a0a99 elementor-widget elementor-widget-text-editor\" data-id=\"48a0a99\" data-element_type=\"widget\" data-widget_type=\"text-editor.default\">\n\t\t\t\t<div class=\"elementor-widget-container\">\n\t\t\t\t\t\t\t<div class=\"sc-75f77eac-0 fCIJD\">Nacida en Salamanca, compagina su formaci\u00f3n musical con sus estudios universitarios en filosof\u00eda. Se especializa en percusi\u00f3n hist\u00f3rica a trav\u00e9s del Grado Superior de M\u00fasica en ESMUC, con Pedro Estevan como profesor, en percusi\u00f3n tradicional de Salamanca con Mara Ca\u00f1izal y en percusi\u00f3n gallega con Alba Alonso.&nbsp;<br><br><\/div><div class=\"sc-75f77eac-0 fCIJD\">Ha colaborado como percusionista con Le Concert de Nations, Collegium 1704, Camerata Iberia y Concerto Italiano entre otros. Actualmente forma parte de Sonorum Mare, Pret\u00e9rito Imperfecto, Plebeyos Bailes e Iberia Auri. En TRAMPANTOJO Ana da vida con su habilidad en la percusi\u00f3n y, adem\u00e1s, act\u00faa.<\/div>\n<div class=\"sc-2e1c2d77-5 mrMdl\">&nbsp;<\/div>\t\t\t\t\t\t<\/div>\n\t\t\t\t<\/div>\n\t\t\t\t\t<\/div>\n\t\t<\/div>\n\t\t\t\t\t\t\t<\/div>\n\t\t<\/section>\n\t\t\t\t<section class=\"elementor-section elementor-top-section elementor-element elementor-element-73a2fc7 elementor-section-height-min-height elementor-section-boxed elementor-section-height-default elementor-section-items-middle\" data-id=\"73a2fc7\" data-element_type=\"section\" data-settings=\"{&quot;background_background&quot;:&quot;classic&quot;,&quot;background_motion_fx_motion_fx_scrolling&quot;:&quot;yes&quot;,&quot;background_motion_fx_scale_effect&quot;:&quot;yes&quot;,&quot;background_motion_fx_scale_speed&quot;:{&quot;unit&quot;:&quot;px&quot;,&quot;size&quot;:5,&quot;sizes&quot;:[]},&quot;background_motion_fx_scale_direction&quot;:&quot;out-in&quot;,&quot;background_motion_fx_scale_range&quot;:{&quot;unit&quot;:&quot;%&quot;,&quot;size&quot;:&quot;&quot;,&quot;sizes&quot;:{&quot;start&quot;:20,&quot;end&quot;:80}},&quot;background_motion_fx_devices&quot;:[&quot;desktop&quot;,&quot;tablet&quot;,&quot;mobile&quot;]}\">\n\t\t\t\t\t\t\t<div class=\"elementor-background-overlay\"><\/div>\n\t\t\t\t\t\t\t<div class=\"elementor-container elementor-column-gap-default\">\n\t\t\t\t\t<div class=\"elementor-column elementor-col-50 elementor-top-column elementor-element elementor-element-eb8b5f6\" data-id=\"eb8b5f6\" data-element_type=\"column\">\n\t\t\t<div class=\"elementor-widget-wrap elementor-element-populated\">\n\t\t\t\t\t\t\t\t<section class=\"elementor-section elementor-inner-section elementor-element elementor-element-138b3f1 elementor-section-boxed elementor-section-height-default elementor-section-height-default\" data-id=\"138b3f1\" data-element_type=\"section\">\n\t\t\t\t\t\t<div class=\"elementor-container elementor-column-gap-default\">\n\t\t\t\t\t<div class=\"elementor-column elementor-col-100 elementor-inner-column elementor-element elementor-element-a30920b\" data-id=\"a30920b\" data-element_type=\"column\">\n\t\t\t<div class=\"elementor-widget-wrap elementor-element-populated\">\n\t\t\t\t\t\t\t\t<div class=\"elementor-element elementor-element-f22f908 elementor-align-left elementor-widget elementor-widget-button\" data-id=\"f22f908\" data-element_type=\"widget\" data-widget_type=\"button.default\">\n\t\t\t\t<div class=\"elementor-widget-container\">\n\t\t\t\t\t<div class=\"elementor-button-wrapper\">\n\t\t\t<a class=\"elementor-button elementor-button-link elementor-size-md elementor-animation-bob\" href=\"https:\/\/espurnateatre.com\/es\/contacto\/\">\n\t\t\t\t\t\t<span class=\"elementor-button-content-wrapper\">\n\t\t\t\t\t\t<span class=\"elementor-button-text\">Contacta<\/span>\n\t\t<\/span>\n\t\t\t\t\t<\/a>\n\t\t<\/div>\n\t\t\t\t<\/div>\n\t\t\t\t<\/div>\n\t\t\t\t\t<\/div>\n\t\t<\/div>\n\t\t\t\t\t\t\t<\/div>\n\t\t<\/section>\n\t\t\t\t\t<\/div>\n\t\t<\/div>\n\t\t\t\t<div class=\"elementor-column elementor-col-50 elementor-top-column elementor-element elementor-element-b35b079 elementor-hidden-phone\" data-id=\"b35b079\" data-element_type=\"column\">\n\t\t\t<div class=\"elementor-widget-wrap\">\n\t\t\t\t\t\t\t\t\t<\/div>\n\t\t<\/div>\n\t\t\t\t\t\t\t<\/div>\n\t\t<\/section>\n\t\t\t\t\t\t\t<\/div>","protected":false},"excerpt":{"rendered":"<p>Nosotros nosotros Equipo MARINA TOM\u00c0S AMADO Es creadora musical para espect\u00e1culos de danza: Kiri Island de C\u00eda. Labuena, 2021 y Morpheus and the seven senos danza Butoh de Orland Verd\u00fa, [\u2026]<\/p>","protected":false},"author":1,"featured_media":0,"parent":0,"menu_order":0,"comment_status":"closed","ping_status":"closed","template":"elementor_header_footer","meta":{"footnotes":""},"class_list":["post-138","page","type-page","status-publish","hentry"],"_links":{"self":[{"href":"https:\/\/espurnateatre.com\/es\/wp-json\/wp\/v2\/pages\/138"}],"collection":[{"href":"https:\/\/espurnateatre.com\/es\/wp-json\/wp\/v2\/pages"}],"about":[{"href":"https:\/\/espurnateatre.com\/es\/wp-json\/wp\/v2\/types\/page"}],"author":[{"embeddable":true,"href":"https:\/\/espurnateatre.com\/es\/wp-json\/wp\/v2\/users\/1"}],"replies":[{"embeddable":true,"href":"https:\/\/espurnateatre.com\/es\/wp-json\/wp\/v2\/comments?post=138"}],"version-history":[{"count":86,"href":"https:\/\/espurnateatre.com\/es\/wp-json\/wp\/v2\/pages\/138\/revisions"}],"predecessor-version":[{"id":1904,"href":"https:\/\/espurnateatre.com\/es\/wp-json\/wp\/v2\/pages\/138\/revisions\/1904"}],"wp:attachment":[{"href":"https:\/\/espurnateatre.com\/es\/wp-json\/wp\/v2\/media?parent=138"}],"curies":[{"name":"wp","href":"https:\/\/api.w.org\/{rel}","templated":true}]}}